{"id":1656,"date":"2022-09-19T16:04:05","date_gmt":"2022-09-19T16:04:05","guid":{"rendered":"https:\/\/chiroclinic.es\/?page_id=1656"},"modified":"2022-09-21T08:54:22","modified_gmt":"2022-09-21T08:54:22","slug":"aviso-legal","status":"publish","type":"page","link":"https:\/\/chiroclinic.es\/es\/aviso-legal\/","title":{"rendered":"Aviso Legal"},"content":{"rendered":"<div data-elementor-type=\"wp-page\" data-elementor-id=\"1656\" class=\"elementor elementor-1656\">\n\t\t\t\t\t\t<section class=\"elementor-section elementor-top-section elementor-element elementor-element-155e57db elementor-section-boxed elementor-section-height-default elementor-section-height-default\" data-id=\"155e57db\" data-element_type=\"section\">\n\t\t\t\t\t\t<div class=\"elementor-container elementor-column-gap-default\">\n\t\t\t\t\t<div class=\"elementor-column elementor-col-100 elementor-top-column elementor-element elementor-element-5449d797\" data-id=\"5449d797\" data-element_type=\"column\" data-settings=\"{&quot;background_background&quot;:&quot;classic&quot;}\">\n\t\t\t<div class=\"elementor-widget-wrap elementor-element-populated\">\n\t\t\t\t\t\t<div class=\"elementor-element elementor-element-5fbad850 elementor-widget elementor-widget-text-editor\" data-id=\"5fbad850\" data-element_type=\"widget\" data-widget_type=\"text-editor.default\">\n\t\t\t\t<div class=\"elementor-widget-container\">\n\t\t\t\t\t\t\t\t\t<p><b><br><\/b><\/p><p><b>Aviso Legal&nbsp;&nbsp;&nbsp;&nbsp;<\/b><b><\/b><\/p>\n<p><span style=\"font-weight: 400;\">El uso de este sitio web, www.chiroclinic.es, implica la aceptaci\u00f3n de estos t\u00e9rminos. Si no est\u00e1 de acuerdo con ellos, le rogamos que no utilice este sitio web.<\/span><\/p>\n<p><span style=\"font-weight: 400;\">En cumplimiento del art\u00edculo 10 de la Ley 34\/2002, de 11 de julio, de Servicios de la Sociedad de la Informaci\u00f3n y del Comercio Electr\u00f3nico (LSSICE), Michael Freeston, Responsable de esta p\u00e1gina web, pone a disposici\u00f3n de los Usuarios la presente informaci\u00f3n, para definir sus Condiciones de Uso.<\/span><\/p>\n<p><span style=\"font-weight: 400;\">Adicionalmente a los contenidos aqu\u00ed expuestos, los aspectos espec\u00edficos relacionados con la protecci\u00f3n de los datos personales y la privacidad de los usuarios de esta web se desarrollan en la p\u00e1gina de Pol\u00edtica de Privacidad.<\/span><\/p>\n<p><span style=\"font-weight: 400;\">El presente Aviso Legal regula el uso del sitio web www.chiroclinic.es siendo su titular Michael Freeston con CIF Y6584623J.<\/span><\/p>\n<p><b><i>Responsable del tratamiento de tus datos personales<\/i><\/b><\/p>\n<ul>\n<li style=\"font-weight: 400;\" aria-level=\"1\"><b>Identidad del Responsable<\/b><span style=\"font-weight: 400;\">: Michael Freeston<\/span><\/li>\n<li style=\"font-weight: 400;\" aria-level=\"1\"><b>NIE<\/b><span style=\"font-weight: 400;\">: Y6584623J<\/span><\/li>\n<li style=\"font-weight: 400;\" aria-level=\"1\"><b>Correo electr\u00f3nico<\/b><span style=\"font-weight: 400;\">: chiroclinicbcn@gmail.com<\/span><\/li>\n<li style=\"font-weight: 400;\" aria-level=\"1\"><b>Direcci\u00f3n<\/b><span style=\"font-weight: 400;\">: Sant Marius, 19, 08022, Barcelona<\/span><\/li>\n<li style=\"font-weight: 400;\" aria-level=\"1\"><b>Tel\u00e9fono<\/b><span style=\"font-weight: 400;\">: 652582299&nbsp;<\/span><\/li>\n<\/ul>\n<p><b><i>Identificaci\u00f3n Delegado Protecci\u00f3n de Datos<\/i><\/b><\/p>\n<ul>\n<li style=\"font-weight: 400;\" aria-level=\"1\"><b>Delegado Protecci\u00f3n Datos<\/b><span style=\"font-weight: 400;\">: Francisco Burgos Rubiales<\/span><\/li>\n<li style=\"font-weight: 400;\" aria-level=\"1\"><b>Correo Electr\u00f3nico<\/b><span style=\"font-weight: 400;\">: fburgos@audiconsecurity.com<\/span><\/li>\n<li style=\"font-weight: 400;\" aria-level=\"1\"><b>Tel\u00e9fono<\/b><span style=\"font-weight: 400;\">: 630835824<\/span><\/li>\n<li style=\"font-weight: 400;\" aria-level=\"1\"><span style=\"font-weight: 400;\">https:\/\/sedeagpd.gob.es\/sede-electronica-web\/vistas\/infoSede\/consultaDPD.jsf<\/span><\/li>\n<\/ul>\n<p><span style=\"font-weight: 400;\">Michael Freeston est\u00e1 constituida en relaci\u00f3n a la protecci\u00f3n de datos de acuerdo con los requisitos de la legislaci\u00f3n vigente:<\/span><\/p>\n<ul>\n<li style=\"font-weight: 400;\" aria-level=\"1\"><span style=\"font-weight: 400;\">Normativa Europea RGPD 2016\/679 respecto al tratamiento de Datos Personales.<\/span><\/li>\n<li style=\"font-weight: 400;\" aria-level=\"1\"><span style=\"font-weight: 400;\">Ley Org\u00e1nica 3\/2018 LOPD-GDD de Protecci\u00f3n de Datos Personales y garant\u00eda de Derechos Digitales.<\/span><\/li>\n<li style=\"font-weight: 400;\" aria-level=\"1\"><span style=\"font-weight: 400;\">Ley de Servicios de la Sociedad de la Informaci\u00f3n y Comercio Electr\u00f3nico, LSSICE.<\/span><\/li>\n<\/ul>\n<p><span style=\"font-weight: 400;\">En cumplimiento de lo dispuesto en el Reglamento Europeo 2016\/679 de Protecci\u00f3n de Datos de Car\u00e1cter Personal, RGPD, y la Ley Org\u00e1nica 3\/2018, LOPD-GDD, Michael Freeston, le informa que, los datos de car\u00e1cter personal que nos proporcione a trav\u00e9s de nuestro formulario de Contacto en nuestra p\u00e1gina web se recoger\u00e1n en nuestras bases de datos siendo responsable Michael Freeston.<\/span><\/p>\n<p><span style=\"font-weight: 400;\">Podr\u00e1 ejercer sus derechos de acceso, rectificaci\u00f3n, portabilidad y supresi\u00f3n de sus datos y los de limitaci\u00f3n y oposici\u00f3n a su tratamiento en los t\u00e9rminos y en las condiciones previstas en la normativa legal vigente, dirigi\u00e9ndose por escrito a Michael Freeston situada en Sant Marius, 19, 08022, Barcelona o si lo prefiere con un e-mail a <\/span><a href=\"mailto:arrahona@arrahona.es\"><span style=\"font-weight: 400;\">chiroclinicbcn@gmail.com<\/span><\/a><\/p>\n<p><span style=\"font-weight: 400;\">De conformidad con el art\u00edculo 32 del RGPD y con el marco normativo general de protecci\u00f3n de datos, Michael Freeston ha adoptado las medidas de seguridad, t\u00e9cnicas, organizativas y de control proactivo necesarias. Todo ello, en funci\u00f3n del an\u00e1lisis previo del riesgo de las operaciones de tratamiento realizadas.<\/span><\/p>\n<p><span style=\"font-weight: 400;\">Michael Freeston se compromete a llevar un registro de las actividades de tratamiento tal como se dispone en el art\u00edculo 30.2 del RGPD.<\/span><\/p>\n<p><span style=\"font-weight: 400;\">Le rogamos que comunique inmediatamente a Michael Freeston cualquier modificaci\u00f3n de sus datos de car\u00e1cter personal para que la informaci\u00f3n que contienen nuestros ficheros est\u00e9 siempre actualizada y no contenga errores.<\/span><\/p>\n<p><span style=\"font-weight: 400;\">Asimismo, con la aceptaci\u00f3n de este Aviso Legal reconoce que la informaci\u00f3n y los datos personales recogidos son exactos y veraces. La recogida de sus datos de car\u00e1cter personal se realiza con el fin de prestar los servicios solicitados y remitirle informaci\u00f3n sobre la entidad u ofertas comerciales de otros productos y servicios, avisos y, en general, informaci\u00f3n de Michael Freeston que pueda ser de su inter\u00e9s. De conformidad con lo previsto en la normativa actual vigente, en rellenar cualquiera de los formularios que aparecen en nuestra p\u00e1gina web, da su consentimiento para que sus datos sean tratados, con el fin de dirigir informaci\u00f3n, siempre en el \u00e1mbito de las funciones leg\u00edtimas de cedente y cesionario.<\/span><\/p>\n<p><span style=\"font-weight: 400;\">Tambi\u00e9n autoriza a Michael Freeston para que puedan remitirle comunicaciones comerciales a trav\u00e9s del correo electr\u00f3nico o de cualquier otro medio de comunicaci\u00f3n electr\u00f3nica equivalente. Las autorizaciones para el env\u00edo de informaci\u00f3n comercial, cesi\u00f3n de datos y env\u00edo de comunicaciones comerciales por medios electr\u00f3nicos ser\u00e1n revocables, en cualquier momento, mediante comunicaci\u00f3n escrita dirigida a Michael Freeston a la direcci\u00f3n antes mencionada, en la que deber\u00e1 indicar los siguientes datos para su identificaci\u00f3n: nombre y direcci\u00f3n.<\/span><\/p>\n<p><span style=\"font-weight: 400;\">Michael Freeston se compromete a tratar de forma absolutamente confidencial sus datos de car\u00e1cter personal y utilizarlo s\u00f3lo para las finalidades indicadas.<\/span><\/p>\n<p><span style=\"font-weight: 400;\">Michael Freeston informa que proceder\u00e1 a tratar los datos de manera l\u00edcita, leal, transparente, adecuada, pertinente, limitada, exacta y actualizada. Es por ello por lo que Michael Freeston se compromete a adoptar todas las medidas razonables para que estos se supriman o rectifiquen sin dilaci\u00f3n cuando sean inexactos.<\/span><\/p>\n<p><span style=\"font-weight: 400;\">Asimismo, le informamos que Michael Freeston tiene implantadas las medidas t\u00e9cnicas y organizativas necesarias para garantizar la seguridad de sus datos de car\u00e1cter personal y evitar su alteraci\u00f3n, p\u00e9rdida y tratamiento y \/ o acceso no autorizado, habida cuenta del estado de la tecnolog\u00eda, la naturaleza de los datos almacenados y los riesgos, provenientes de la acci\u00f3n humana o del medio f\u00edsico y natural, a la que est\u00e1n expuestos.<\/span><\/p>\n<p><b><i>Contenido, t\u00e9rminos legales y responsabilidades.<\/i><\/b><\/p>\n<p><span style=\"font-weight: 400;\">El sitio web incluye contenidos elaborados por el titular del mismo y sus colaboradores, los cuales tienen fines meramente informativos, ya que en alguna ocasi\u00f3n, \u00e9stos podr\u00edan no reflejar la actualidad m\u00e1s reciente, por lo que en cualquier momento dichos contenidos podr\u00e1n ser modificados y\/o sustituidos por unos nuevos, sin notificaci\u00f3n previa, ni responsabilidad.<\/span><\/p>\n<p><span style=\"font-weight: 400;\">Los contenidos del sitio web no pueden ser considerados, en ning\u00fan caso, como sustitutivos de cualquier tipo de asesoramiento. No existir\u00e1 ning\u00fan tipo de relaci\u00f3n comercial, profesional, ni ning\u00fan tipo de relaci\u00f3n de otra \u00edndole con los profesionales que integran el sitio web por el mero hecho del acceso a ella por parte de los usuarios.<\/span><\/p>\n<p><span style=\"font-weight: 400;\">Para el caso de existir enlaces con diferentes sitios web, Michael Freeston, no se har\u00e1 responsable de su contenido al carecer de control sobre los mismos.<\/span><\/p>\n<p><span style=\"font-weight: 400;\">El usuario cuando accede al sitio web, lo hace por su propia cuenta y riesgo. Michael Freeston no garantiza ni la rapidez, ni la interrupci\u00f3n, ni la ausencia de virus en el sitio web. Asimismo, el titular del sitio web, los colaboradores, sus socios, empleados y representantes tampoco podr\u00e1n ser considerados responsables por cualquier da\u00f1o derivado de la utilizaci\u00f3n de este sitio web, ni por cualquier actuaci\u00f3n realizada sobre la base de la informaci\u00f3n que en \u00e9l se facilita<\/span><\/p>\n<p><span style=\"font-weight: 400;\">No se garantiza la ausencia de virus u otros elementos lesivos que pudieran causar da\u00f1os o alteraciones en el sistema inform\u00e1tico, en los documentos electr\u00f3nicos o en los ficheros del usuario de este sitio web. En consecuencia, no se responde por los da\u00f1os y perjuicios que tales elementos pudieran ocasionar al usuario o terceros.<\/span><\/p>\n<p><b><i>Modificaciones&nbsp;<\/i><\/b><\/p>\n<p><span style=\"font-weight: 400;\">Michael Freeston se reserva el derecho a realizar las modificaciones que considere oportunas, sin aviso previo, en el contenido de su sitio web. Tanto en lo referente a los contenidos del sitio web, como en las condiciones de uso del mismo. Dichas modificaciones podr\u00e1n realizarse a trav\u00e9s de su sitio web por cualquier forma admisible en derecho y ser\u00e1n de obligado cumplimiento durante el tiempo en que se encuentren publicadas en la web y hasta que no sean modificadas v\u00e1lidamente por otras posteriores.&nbsp;<\/span><\/p>\n<p><b><i>Marcas<\/i><\/b><\/p>\n<p><span style=\"font-weight: 400;\">En Michael Freeston puede que se mencionen de forma indirecta y a nivel informativo algunos t\u00e9rminos y logotipos, que constituyen marcas registradas por sus respectivos propietarios, no haci\u00e9ndonos responsable de la utilizaci\u00f3n inadecuada que pudieran hacer terceras personas respecto a dichas marcas<\/span><span style=\"font-weight: 400;\">.<\/span><\/p>\n<p><b><i>Usuario y R\u00e9gimen de Responsabilidades<\/i><\/b><\/p>\n<p><span style=\"font-weight: 400;\">La utilizaci\u00f3n de esta p\u00e1gina Web le atribuye la condici\u00f3n de usuario de la misma. Se recomienda al usuario que lea atentamente y detenidamente las condiciones e instrucciones publicadas cada vez que acceda a esta p\u00e1gina web, dado que el acceso implica su lectura y aceptaci\u00f3n. Mediante el acceso y uso a www.chiroclinic.es o cualquiera de sus p\u00e1ginas y subdominios, el usuario manifiesta su acuerdo de forma expresa, plena y sin reservas a las condiciones e instrucciones publicadas en el aviso legal en el momento del acceso sin perjuicio de la aplicaci\u00f3n de la correspondiente normativa de obligado cumplimiento legal seg\u00fan el caso.<\/span><\/p>\n<p><span style=\"font-weight: 400;\">El sitio web de Michael Freeston proporciona gran diversidad de informaci\u00f3n, servicios y datos. El usuario asume su responsabilidad en el uso correcto del sitio web. Esta responsabilidad se extender\u00e1 a:&nbsp;<\/span><\/p>\n<ul>\n<li style=\"font-weight: 400;\" aria-level=\"1\"><span style=\"font-weight: 400;\">La veracidad y licitud de las informaciones aportadas por el usuario en los formularios extendidos por Michael Freeston para el acceso a ciertos contenidos o servicios ofrecidos por el web.&nbsp;<\/span><\/li>\n<li style=\"font-weight: 400;\" aria-level=\"1\"><span style=\"font-weight: 400;\">El uso de la informaci\u00f3n, servicios y datos ofrecidos por Michael Freeston contrariamente a lo dispuesto por las presentes condiciones, la Ley, la moral, las buenas costumbres o el orden p\u00fablico, o que de cualquier otro modo puedan suponer lesi\u00f3n de los derechos de terceros o del mismo funcionamiento del sitio web.&nbsp;<\/span><\/li>\n<\/ul>\n<p><span style=\"font-weight: 400;\">Cualquier utilizaci\u00f3n distinta a la autorizada est\u00e1 expresamente prohibida, quedando Michael Freeston facultado para denegar o retirar el acceso y uso de la Web, en cualquier momento, y sin previo aviso, a aquellos usuarios que incumplan estas condiciones generales.<\/span><\/p>\n<p><span style=\"font-weight: 400;\">Podr\u00e1 dirigirse a la Autoridad de Control competente para presentar la reclamaci\u00f3n que considere oportuna.<\/span><\/p>\n<p><b><i>Menores de edad.<\/i><\/b><\/p>\n<p><span style=\"font-weight: 400;\">Para el uso de los servicios, los menores de edad deben obtener siempre previamente el consentimiento de los padres, tutores o representantes legales, responsables \u00faltimos de todos los actos realizados por los menores a su cargo. La responsabilidad en la determinaci\u00f3n de contenidos concretos a los que acceden los menores corresponde a aquellos, es por eso que, si acceden a contenidos no apropiados para Internet, se deber\u00e1n establecer en sus ordenadores mecanismos, en particular programas inform\u00e1ticos, filtros y bloqueos, que permitan limitar los contenidos disponibles y, aunque no sean infalibles, son de especial utilidad para controlar y restringir los materiales a los que pueden acceder los menores.<\/span><\/p>\n<p><b><i>Propiedad Intelectual, Normativa y Foro<\/i><\/b><\/p>\n<p><span style=\"font-weight: 400;\">El sitio web, incluyendo a t\u00edtulo enunciativo, pero no limitativo su programaci\u00f3n, edici\u00f3n, compilaci\u00f3n y dem\u00e1s elementos necesarios para su funcionamiento, los dise\u00f1os, logotipos, texto y\/o gr\u00e1ficos, son propiedad de Michael Freeston o en su caso dispone de licencia o autorizaci\u00f3n expresa por parte de los autores.<\/span><\/p>\n<p><span style=\"font-weight: 400;\">Todos los contenidos del sitio web se encuentran debidamente protegidos por la normativa de propiedad intelectual e industrial, as\u00ed como los inscritos en los registros p\u00fablicos correspondientes, y no se permite la reproducci\u00f3n y \/ o publicaci\u00f3n, total o parcial, del sitio web, ni su tratamiento inform\u00e1tico, su distribuci\u00f3n, difusi\u00f3n, modificaci\u00f3n o transformaci\u00f3n, sin el permiso previo y por escrito del mismo.<\/span><\/p>\n<p><span style=\"font-weight: 400;\">Los dise\u00f1os, logotipos, texto y \/ o gr\u00e1ficos ajenos a Michael Freeston y que pudieran aparecer en el sitio web, pertenecen a sus respectivos propietarios, siendo ellos mismos responsables de cualquier posible controversia que pudiera suscitarse respecto a estos. En todo caso Michael Freeston cuenta con la autorizaci\u00f3n expresa y previa por parte de los mismos. Michael Freeston reconoce a favor de sus titulares los correspondientes derechos de propiedad intelectual, no implicando su sola menci\u00f3n o aparici\u00f3n en el sitio web la existencia de derechos o responsabilidad alguna de prestador sobre los mismos, como tampoco respaldo, patrocinio o recomendaci\u00f3n por \u00e9ste.<\/span><\/p>\n<p><span style=\"font-weight: 400;\">El usuario puede utilizar el material que aparezca en este sitio web para su uso personal y privado, quedando prohibido su uso con fines comerciales. Michael Freeston velar\u00e1 por el cumplimiento de las anteriores condiciones, como por la debida utilizaci\u00f3n de los contenidos presentados en sus p\u00e1ginas web, ejercitando todas las acciones civiles y penales que le corresponder\u00e1n en el caos de infracci\u00f3n o incumplimiento de estos derechos por parte del usuario.<\/span><\/p>\n<p><b><i>Acciones legales, legislaci\u00f3n aplicable y jurisdicci\u00f3n&nbsp;<\/i><\/b><\/p>\n<p><span style=\"font-weight: 400;\">Las presentes condiciones de uso se rigen por la legislaci\u00f3n espa\u00f1ola, siendo competentes los Juzgados y Tribunales de la ciudad de&nbsp;<\/span><span style=\"font-weight: 400;\">Michael Freeston <\/span><span style=\"font-weight: 400;\">para conocer de cuantas cuestiones se susciten sobre la interpretaci\u00f3n, aplicaci\u00f3n y cumplimiento de las mismas. Los usuarios, por virtud de su aceptaci\u00f3n a las condiciones generales recogidas en este Aviso Legal, renuncian expresamente a cualquier fuero que, por aplicaci\u00f3n de la Ley de Enjuiciamiento Civil vigente, pudiera corresponderles.<\/span><\/p>\n<p><span style=\"font-weight: 400;\">Michael Freeston se reserva, asimismo, la facultad de presentar las acciones civiles o penales que considere oportunas por la utilizaci\u00f3n indebida de su sitio web y contenidos, o por el incumplimiento de las presentes condiciones.&nbsp;<\/span><\/p>\n<p><span style=\"font-weight: 400;\">La relaci\u00f3n entre el usuario y el prestador se regir\u00e1 por la normativa vigente y de aplicaci\u00f3n en el territorio espa\u00f1ol. De surgir cualquier controversia las partes podr\u00e1n someter sus conflictos a arbitraje o acudir a la jurisdicci\u00f3n ordinaria cumpliendo con las normas sobre jurisdicci\u00f3n y competencia al respecto. Michael Freeston tiene su domicilio en Barcelona, Espa\u00f1a.<\/span><\/p>\n<p><span style=\"font-weight: 400;\">Los datos de car\u00e1cter personal que nos has facilitado de forma voluntaria ser\u00e1n incorporados a un fichero del que es titular Michael Freeston que se utilizar\u00e1 para gestionar tu suscripci\u00f3n a nuestro bolet\u00edn a trav\u00e9s del que te mantendremos informado de los productos, novedades, sorteos, servicios, eventos y promociones de Michael Freeston con NIE Y6584623J, domicilio en Sant Marius, 19, 08022, Barcelona y e-mail chiroclinicbcn@gmail.com, as\u00ed como la gesti\u00f3n de su inscripci\u00f3n y participaci\u00f3n en sorteos, concursos o eventos que solicite participar.<\/span><\/p>\n<p><b><i>Suscripciones al bolet\u00edn de noticias<\/i><\/b><\/p>\n<p><span style=\"font-weight: 400;\">Solo podr\u00e1n prestar su consentimiento personas mayores de 16 a\u00f1os.<\/span><\/p>\n<p><span style=\"font-weight: 400;\">Los datos personales proporcionados se conservar\u00e1n hasta que se solicite su supresi\u00f3n o revoque su consentimiento el interesado.<\/span><\/p>\n<p><span style=\"font-weight: 400;\">La base legal para el tratamiento de sus datos para la finalidad de poder informarle por v\u00eda electr\u00f3nica sobre los productos, novedades, sorteos, servicios, eventos y promociones de Michael Freeston as\u00ed como la gesti\u00f3n de su inscripci\u00f3n y participaci\u00f3n a sorteos, concursos o eventos que solicite, es la aportaci\u00f3n del consentimiento. El consentimiento ser\u00e1 v\u00e1lido hasta que decida revocarlo.<\/span><\/p>\n<p><span style=\"font-weight: 400;\">Cualquier persona tiene derecho a obtener confirmaci\u00f3n sobre si en Michael Freeston estamos tratando datos personales que les conciernan o no.<\/span><\/p>\n<p><span style=\"font-weight: 400;\">Como responsable del fichero, la empresa se compromete a respetar la confidencialidad de tu informaci\u00f3n de car\u00e1cter personal. Para ejercitar tus derechos de acceso, rectificaci\u00f3n, cancelaci\u00f3n y oposici\u00f3n deber\u00e1s de remitir una comunicaci\u00f3n desde la cuenta de correo electr\u00f3nico que utilizaste para tramitar el alta a chiroclinicbcn@gmail.com con el asunto BAJA. Tramitar la suscripci\u00f3n al bolet\u00edn presumir\u00e1 tu consentimiento para tratar los datos en los t\u00e9rminos indicados.<\/span><\/p>\n<p><span style=\"font-weight: 400;\">En el momento de la cancelaci\u00f3n de los datos, \u00fanicamente los conservaremos bloqueados en cumplimiento de obligaciones legales.<\/span><\/p>\n<p><b><i>Servicios de Contrataci\u00f3n por Internet<\/i><\/b><\/p>\n<p><span style=\"font-weight: 400;\">Ciertos contenidos de la website de Michael Freeston contienen la posibilidad de contrataci\u00f3n por Internet. El uso de los mismos requerir\u00e1 la lectura y aceptaci\u00f3n obligatoria de las condiciones generales de contrataci\u00f3n establecidas al efecto por Michael Freeston.<\/span><\/p>\n<p><b><i>Informaci\u00f3n b\u00e1sica&nbsp;<\/i><\/b><\/p>\n<p><b>Responsable del tratamiento<\/b><span style=\"font-weight: 400;\">:&nbsp; Michael Freeston<\/span><\/p>\n<p><b>Finalidad del tratamiento:<\/b><span style=\"font-weight: 400;\">&nbsp;gestionar las consultas de los usuarios y atender las solicitudes.<\/span><span style=\"font-weight: 400;\"><br><\/span><b>Base legal para el tratamiento:<\/b><span style=\"font-weight: 400;\">&nbsp;el consentimiento otorgado con la aceptaci\u00f3n de la presente Pol\u00edtica de Protecci\u00f3n de datos.<\/span><\/p>\n<p><b>Destinatarios de los datos:<\/b><span style=\"font-weight: 400;\">&nbsp;no ser\u00e1n comunicados a terceras personas excepto por obligaci\u00f3n legal.<\/span><\/p>\n<p><b>Derechos:<\/b><span style=\"font-weight: 400;\">&nbsp;para ejercer los derechos de acceso, rectificaci\u00f3n, portabilidad y supresi\u00f3n de sus datos y los de limitaci\u00f3n y oposici\u00f3n a su tratamiento reconocidos por la normativa, puede enviar un correo a chiroclinicbcn@gmail.com.<\/span><\/p>\n<p><b>Para m\u00e1s informaci\u00f3n<\/b><span style=\"font-weight: 400;\">&nbsp;sobre este tratamiento y como ejercer sus derechos puede consultar nuestra pol\u00edtica completa de protecci\u00f3n de datos en:&nbsp;http:\/\/www.chiroclinic.es.<\/span><\/p>\n<p><b>Cr\u00e9ditos del website&nbsp;&nbsp;&nbsp;&nbsp;&nbsp;&nbsp;<\/b><\/p>\n<p><b>&nbsp;<\/b><b>Michael Freeston<\/b><\/p>\n<p><span style=\"font-weight: 400;\">\u00a9 <\/span><b>Derecho de propiedad y copyright<\/b><\/p>\n<p><span style=\"font-weight: 400;\">Michael Freeston&nbsp;<\/span><\/p>\n<p><span style=\"font-weight: 400;\">Y6584623J<\/span><\/p>\n<p><span style=\"font-weight: 400;\">chiroclinicbcn@gmail.com<\/span><\/p>\n<p><span style=\"font-weight: 400;\">Sant Marius, 19&nbsp;&nbsp;&nbsp;&nbsp;<\/span><\/p>\n<p><span style=\"font-weight: 400;\">08022, Barcelona (Spain)<\/span><\/p>\n<p><span style=\"font-weight: 400;\">Telf. 652582299<\/span><\/p>\t\t\t\t\t\t\t\t<\/div>\n\t\t\t\t<\/div>\n\t\t\t\t\t<\/div>\n\t\t<\/div>\n\t\t\t\t\t<\/div>\n\t\t<\/section>\n\t\t\t\t<\/div>","protected":false},"excerpt":{"rendered":"<p>Aviso Legal&nbsp;&nbsp;&nbsp;&nbsp; El uso de este sitio web, www.chiroclinic.es, implica la aceptaci\u00f3n de estos t\u00e9rminos. Si no est\u00e1 de acuerdo con ellos, le rogamos que no utilice este sitio web. En cumplimiento del art\u00edculo 10 de la Ley 34\/2002, de 11 de julio, de Servicios de la Sociedad de la Informaci\u00f3n y del Comercio Electr\u00f3nico &hellip;<\/p>\n<p class=\"read-more\"> <a class=\"\" href=\"https:\/\/chiroclinic.es\/es\/aviso-legal\/\"> <span class=\"screen-reader-text\">Aviso Legal<\/span> Leer m\u00e1s &raquo;<\/a><\/p>","protected":false},"author":1,"featured_media":0,"parent":0,"menu_order":0,"comment_status":"closed","ping_status":"closed","template":"","meta":{"pmpro_default_level":"","_monsterinsights_skip_tracking":false,"_monsterinsights_sitenote_active":false,"_monsterinsights_sitenote_note":"","_monsterinsights_sitenote_category":0,"footnotes":""},"class_list":["post-1656","page","type-page","status-publish","hentry","pmpro-has-access"],"_links":{"self":[{"href":"https:\/\/chiroclinic.es\/es\/wp-json\/wp\/v2\/pages\/1656","targetHints":{"allow":["GET"]}}],"collection":[{"href":"https:\/\/chiroclinic.es\/es\/wp-json\/wp\/v2\/pages"}],"about":[{"href":"https:\/\/chiroclinic.es\/es\/wp-json\/wp\/v2\/types\/page"}],"author":[{"embeddable":true,"href":"https:\/\/chiroclinic.es\/es\/wp-json\/wp\/v2\/users\/1"}],"replies":[{"embeddable":true,"href":"https:\/\/chiroclinic.es\/es\/wp-json\/wp\/v2\/comments?post=1656"}],"version-history":[{"count":22,"href":"https:\/\/chiroclinic.es\/es\/wp-json\/wp\/v2\/pages\/1656\/revisions"}],"predecessor-version":[{"id":1716,"href":"https:\/\/chiroclinic.es\/es\/wp-json\/wp\/v2\/pages\/1656\/revisions\/1716"}],"wp:attachment":[{"href":"https:\/\/chiroclinic.es\/es\/wp-json\/wp\/v2\/media?parent=1656"}],"curies":[{"name":"wp","href":"https:\/\/api.w.org\/{rel}","templated":true}]}}