{"id":1658,"date":"2022-09-19T16:04:39","date_gmt":"2022-09-19T16:04:39","guid":{"rendered":"https:\/\/chiroclinic.es\/?page_id=1658"},"modified":"2022-09-19T16:17:05","modified_gmt":"2022-09-19T16:17:05","slug":"politica-redes-sociales","status":"publish","type":"page","link":"https:\/\/chiroclinic.es\/es\/politica-redes-sociales\/","title":{"rendered":"Politica Redes Sociales"},"content":{"rendered":"<div data-elementor-type=\"wp-page\" data-elementor-id=\"1658\" class=\"elementor elementor-1658\">\n\t\t\t\t\t\t<section class=\"elementor-section elementor-top-section elementor-element elementor-element-155e57db elementor-section-boxed elementor-section-height-default elementor-section-height-default\" data-id=\"155e57db\" data-element_type=\"section\">\n\t\t\t\t\t\t<div class=\"elementor-container elementor-column-gap-default\">\n\t\t\t\t\t<div class=\"elementor-column elementor-col-100 elementor-top-column elementor-element elementor-element-5449d797\" data-id=\"5449d797\" data-element_type=\"column\">\n\t\t\t<div class=\"elementor-widget-wrap elementor-element-populated\">\n\t\t\t\t\t\t<div class=\"elementor-element elementor-element-5fbad850 elementor-widget elementor-widget-text-editor\" data-id=\"5fbad850\" data-element_type=\"widget\" data-widget_type=\"text-editor.default\">\n\t\t\t\t<div class=\"elementor-widget-container\">\n\t\t\t\t\t\t\t\t\t<p>\u00a0<\/p>\n<p><b>Pol\u00edtica Redes Sociales\u00a0\u00a0\u00a0\u00a0\u00a0\u00a0<\/b><b><\/b><\/p>\n<p><span style=\"font-weight: 400;\">En cumplimiento de la Ley Org\u00e1nica 3\/2018, LOPD-GDD de Protecci\u00f3n de Datos Personales y Garant\u00eda y Derechos Digitales, Reglamento Europeo 2016\/679, de protecci\u00f3n de datos de car\u00e1cter personal, RGPD y la Ley 34\/2002, de 11 julio, de Servicios de la Sociedad de la Informaci\u00f3n y de Comercio Electr\u00f3nico, LSSICE, Michael Freeston informa a los Usuarios, que se ha procedido a crear un perfil en las redes sociales Facebook, Twitter, Instagram, LinkedIn y Youtube con la finalidad principal de dar informaci\u00f3n y publicitar sus productos y servicios.<\/span><\/p>\n<p><span style=\"font-weight: 400;\">Michael Freeston<\/span><\/p>\n<p><span style=\"font-weight: 400;\">Sant Marius, 19, 08022, Barcelona<\/span><\/p>\n<p><span style=\"font-weight: 400;\">www.chiroclinic.es<\/span><\/p>\n<p><span style=\"font-weight: 400;\">chiroclinicbcn@gmail.com<\/span><\/p>\n<p><span style=\"font-weight: 400;\">El Usuario dispone de un perfil en la misma Red Social y ha decidido unirse a la p\u00e1gina creada por Michael Freeston, mostrando as\u00ed inter\u00e9s en la informaci\u00f3n que se publicite en la Red. Al unirse a nuestra p\u00e1gina, nos facilita su consentimiento para el tratamiento de los datos personales publicados en su perfil.<\/span><\/p>\n<p><span style=\"font-weight: 400;\">El usuario puede acceder en todo momento a las pol\u00edticas de privacidad de la propia Red Social, as\u00ed como configurar su perfil para garantizar su privacidad.<\/span><\/p>\n<p><span style=\"font-weight: 400;\">Michael Freeston trata la informaci\u00f3n p\u00fablica del Usuario, especialmente, su nombre de contacto. Estos datos s\u00f3lo son utilizados dentro de la propia Red Social y no son incorporados a ning\u00fan fichero.<\/span><\/p>\n<p><span style=\"font-weight: 400;\">En relaci\u00f3n a los derechos de acceso, rectificaci\u00f3n, cancelaci\u00f3n y oposici\u00f3n, de los que usted dispone y que pueden ser ejercidos ante Michael Freeston, debe tener en cuenta los siguientes matices:<\/span><\/p>\n<ul>\n<li><span style=\"font-weight: 400;\"> Derecho de Acceso<\/span><span style=\"font-weight: 400;\">: Es el derecho del Usuario a obtener informaci\u00f3n sobre sus datos concretos de car\u00e1cter personal y de tratamiento que Michael Freeston haya realizado o realice, as\u00ed como de la informaci\u00f3n disponible sobre el origen de estos datos y las comunicaciones realizadas o previstas de los mismos. Este derecho vendr\u00e1 definido por la funcionalidad de la Red Social y la capacidad de acceso a la informaci\u00f3n de los perfiles de los Usuarios.<\/span><\/li>\n<li><span style=\"font-weight: 400;\">Derecho de Rectificaci\u00f3n<\/span><span style=\"font-weight: 400;\">: Es el derecho del afectado a que se modifiquen los datos que resulten ser inexactos o incompletos. S\u00f3lo podr\u00e1 satisfacerse en relaci\u00f3n a la informaci\u00f3n que se encuentre bajo el control de Michael Freeston (Por ejemplo, eliminar comentarios publicados en el propio perfil). Normalmente, este derecho debe ejercer ante la Red Social.<\/span><\/li>\n<li><span style=\"font-weight: 400;\">Derecho de Cancelaci\u00f3n<\/span><span style=\"font-weight: 400;\">: Es el derecho a suprimir los datos de car\u00e1cter personal del Usuario, a excepci\u00f3n de lo previsto en otras leyes aplicables que determinen la obligatoriedad de la conservaci\u00f3n de los mismos, en tiempo y forma. Dicho derecho se podr\u00e1 ejercer, por ejemplo, mediante la desvinculaci\u00f3n del perfil al que se encuentra unido.<\/span><\/li>\n<li><span style=\"font-weight: 400;\">Derecho de oposici\u00f3n<\/span><span style=\"font-weight: 400;\">: Es el derecho del Usuario a que no se lleve a cabo el tratamiento de sus datos de car\u00e1cter personal o se cese el tratamiento de los mismos por parte de Michael Freeston. Como en el derecho de cancelaci\u00f3n, podr\u00e1 ejercer, por ejemplo, mediante la desvinculaci\u00f3n del perfil al que se encuentra unido.<\/span><\/li>\n<\/ul>\n<p><b>.<\/b> <span style=\"font-weight: 400;\">Derecho a la Limitaci\u00f3n<\/span><span style=\"font-weight: 400;\">. El interesado puede solicitar el ejercicio de su derecho a limitar el tratamiento de sus datos en los casos en que:<\/span><\/p>\n<ul>\n<li style=\"font-weight: 400;\" aria-level=\"1\"><span style=\"font-weight: 400;\">El Interesado impugne la exactitud de los datos.<\/span><\/li>\n<li style=\"font-weight: 400;\" aria-level=\"1\"><span style=\"font-weight: 400;\">Cuando los datos recogidos no se necesiten para los fines del tratamiento pero si sean necesarios para el reconocimiento, ejercicio o defensa de un procedimiento judicial.<\/span><\/li>\n<li style=\"font-weight: 400;\" aria-level=\"1\"><span style=\"font-weight: 400;\">Cuando el Interesado se oponga al tratamiento mientras se verifica si prevalecen los motivos leg\u00edtimos del Responsable del Tratamiento a los del Interesado.<\/span><\/li>\n<\/ul>\n<p><b>.<\/b> <span style=\"font-weight: 400;\">Derecho a la Portabilidad<\/span><span style=\"font-weight: 400;\">. El Interesado tiene derecho a recibir sus datos personales, por parte del Responsable de Tratamiento al que previamente le haya hecho entrega de los mismos, en un formato estructurado, de uso habitual y de lectura mec\u00e1nica, con el objetivo de transmitirlos a otro Responsable, sin que lo impida el Responsable de Tratamiento al que le hubiera facilitado los datos previamente. A su vez, el interesado en el ejercicio de su derecho a la portabilidad, puede solicitar que sus datos se transmitan directamente al Responsable a Responsable.<\/span><\/p>\n<p><b>.<\/b> <span style=\"font-weight: 400;\">Derecho a la Supresi\u00f3n y al Olvido<\/span><span style=\"font-weight: 400;\">. El Interesado tiene derecho a la supresi\u00f3n de sus datos personales cuando:<\/span><\/p>\n<ul>\n<li style=\"font-weight: 400;\" aria-level=\"1\"><span style=\"font-weight: 400;\">Estos no sean necesarios para el fin por el cual fueron recabados.<\/span><\/li>\n<li style=\"font-weight: 400;\" aria-level=\"1\"><span style=\"font-weight: 400;\">Haya retirado el consentimiento y no exista fundamento jur\u00eddico que indique lo contrario.<\/span><\/li>\n<li style=\"font-weight: 400;\" aria-level=\"1\"><span style=\"font-weight: 400;\">Se haya ejercido su derecho de oposici\u00f3n al tratamiento de sus datos y no prevalezcan motivos leg\u00edtimos para dicho tratamiento.<\/span><\/li>\n<li style=\"font-weight: 400;\" aria-level=\"1\"><span style=\"font-weight: 400;\">Los datos sean tratados de manera l\u00edcita o deban suprimirse por una obligaci\u00f3n jur\u00eddica a la que est\u00e9 sujeto el Responsable de Tratamiento.<\/span><\/li>\n<li style=\"font-weight: 400;\" aria-level=\"1\"><span style=\"font-weight: 400;\">Los datos se hayan obtenido mediante una relaci\u00f3n con la oferta de servicios de la Sociedad de la Informaci\u00f3n.<\/span><\/li>\n<\/ul>\n<p><span style=\"font-weight: 400;\">Para poder ejercer cualquiera de los derechos descritos anteriormente debe cumplir los siguientes requisitos:<\/span><\/p>\n<ol>\n<li style=\"font-weight: 400;\" aria-level=\"1\"><span style=\"font-weight: 400;\">Presentaci\u00f3n de un escrito dirigido a Michael Freeston, en la direcci\u00f3n Sant Marius, 19, 08022, Barcelona o bien por correo electr\u00f3nico a chiroclinicbcn@gmail.com.<\/span><\/li>\n<li style=\"font-weight: 400;\" aria-level=\"1\"><span style=\"font-weight: 400;\">El escrito remitido por el titular de los datos que solicite el ejercicio debe cumplir los requisitos legales:<\/span><\/li>\n<\/ol>\n<ul>\n<li style=\"font-weight: 400;\" aria-level=\"1\"><span style=\"font-weight: 400;\">Nombre, apellidos del interesado y copia del DNI. <\/span><span style=\"font-weight: 400;\">En los excepcionales casos en que se admita la representaci\u00f3n, ser\u00e1 tambi\u00e9n necesaria la identificaci\u00f3n por el mismo medio de la persona que lo representa, as\u00ed como el documento acreditativo de la representaci\u00f3n. La fotocopia del DNI podr\u00e1 ser sustituida siempre que se acredite la identidad por cualquier otro medio v\u00e1lido en derecho.<\/span><\/li>\n<li style=\"font-weight: 400;\" aria-level=\"1\"><span style=\"font-weight: 400;\">Petici\u00f3n en que se concreta la solicitud. <\/span><span style=\"font-weight: 400;\">Si no hace referencia a un archivo concreto se le facilitar\u00e1 toda la informaci\u00f3n que se tenga con sus datos de car\u00e1cter personal. Si solicita informaci\u00f3n de un archivo en concreto, s\u00f3lo la informaci\u00f3n de este archivo. Si solicita informaci\u00f3n relativa a un tercero nunca se podr\u00e1 facilitar. Si lo solicita por tel\u00e9fono se le indicar\u00e1 que lo haga por escrito y se le informar\u00e1 de c\u00f3mo lo puede hacer y la direcci\u00f3n a la que debe enviarlo.<\/span><\/li>\n<li style=\"font-weight: 400;\" aria-level=\"1\"><span style=\"font-weight: 400;\">Domicilio a efectos de notificaciones.<\/span><\/li>\n<\/ul>\n<ul>\n<li style=\"font-weight: 400;\" aria-level=\"1\"><span style=\"font-weight: 400;\">Fecha y firma del signatario.<\/span><\/li>\n<\/ul>\n<ol>\n<li style=\"font-weight: 400;\" aria-level=\"1\"><span style=\"font-weight: 400;\">Documentos acreditativos de la petici\u00f3n que se formula.<\/span><\/li>\n<li style=\"font-weight: 400;\" aria-level=\"1\"><span style=\"font-weight: 400;\">El interesado debe utilizar cualquier medio que permita acreditar el env\u00edo y la recepci\u00f3n de la solicitud.<\/span><\/li>\n<\/ol>\n<p>\u00a0<\/p>\n<p><span style=\"font-weight: 400;\">Utilizaci\u00f3n del perfil<\/span><\/p>\n<p><span style=\"font-weight: 400;\">Michael Freeston realizar\u00e1 las siguientes actuaciones:<\/span><\/p>\n<ul>\n<li style=\"font-weight: 400;\" aria-level=\"1\"><span style=\"font-weight: 400;\">Acceso a la informaci\u00f3n p\u00fablica del perfil.<\/span><\/li>\n<li style=\"font-weight: 400;\" aria-level=\"1\"><span style=\"font-weight: 400;\">Publicaci\u00f3n en el perfil del Usuario de toda aquella informaci\u00f3n ya publicada en la p\u00e1gina Michael Freeston.<\/span><\/li>\n<li style=\"font-weight: 400;\" aria-level=\"1\"><span style=\"font-weight: 400;\">Enviar mensajes personales e individuales a trav\u00e9s de los canales de la Red Social.<\/span><\/li>\n<li style=\"font-weight: 400;\" aria-level=\"1\"><span style=\"font-weight: 400;\">Actualizaciones del estado de la p\u00e1gina que se publicar\u00e1n en el perfil del Usuario.<\/span><\/li>\n<\/ul>\n<p><span style=\"font-weight: 400;\">El usuario siempre puede controlar sus conexiones, eliminar los contenidos que dejen de interesar y restringir con quien comparte sus conexiones; por ello deber\u00e1 acceder a su configuraci\u00f3n de privacidad.<\/span><\/p>\n<p><span style=\"font-weight: 400;\">Publicaciones\u00a0<\/span><span style=\"font-weight: 400;\"><br \/><\/span><span style=\"font-weight: 400;\">El Usuario, una vez unido a la p\u00e1gina de Michael Freeston, podr\u00e1 publicar en esta \u00faltima, comentarios, enlaces, im\u00e1genes o fotograf\u00edas o cualquier otro tipo de contenido multimedia soportado por la Red Social. El usuario, en todos los casos, debe ser el titular de los mismos, disfrutar de los derechos de autor y de propiedad intelectual o contar con el consentimiento de los terceros afectados. Se proh\u00edbe expresamente cualquier publicaci\u00f3n en la p\u00e1gina, ya sean textos, gr\u00e1ficos, fotograf\u00edas, v\u00eddeos, etc. que atenten o sean susceptibles de atentar contra la moral, la \u00e9tica, el buen gusto o el decoro, y \/ o que infrinjan, violen o infrinjan los derechos de propiedad intelectual o industrial, el derecho a la imagen o la Ley. En estos casos, Michael Freeston se reserva el derecho a retirar inmediatamente el contenido, pudiendo solicitar el bloqueo permanente del Usuario.<\/span><\/p>\n<p><span style=\"font-weight: 400;\">Michael Freeston no se har\u00e1 responsable de los contenidos que libremente ha publicado un Usuario.<\/span><\/p>\n<p><span style=\"font-weight: 400;\">El Usuario debe tener presente que sus publicaciones ser\u00e1n conocidas por los otros usuarios, por lo que asimismo es el principal responsable de su privacidad.<\/span><\/p>\n<p><span style=\"font-weight: 400;\">Las im\u00e1genes que se puedan publicar en la p\u00e1gina no ser\u00e1n almacenadas en ning\u00fan fichero por parte de Michael Freeston pero s\u00ed permanecer\u00e1n en la Red Social.<\/span><\/p>\n<p><span style=\"font-weight: 400;\">Concursos y promociones<\/span><\/p>\n<p><span style=\"font-weight: 400;\">Michael Freeston se reserva el derecho a realizar concursos y promociones, en los que podr\u00e1 participar el Usuario unido en su p\u00e1gina. Las bases de cada uno de ellos, cuando se utilice para ello la plataforma de la Red Social, ser\u00e1n publicadas en la misma, cumpliendo siempre con la LSSICE y con cualquier otra norma que le sea de aplicaci\u00f3n.<\/span><\/p>\n<p><span style=\"font-weight: 400;\">La Red Social no patrocina, avala ni administra, de ninguna manera, ninguna de nuestras promociones, ni est\u00e1 asociada a ninguna de ellas.<\/span><\/p>\n<p><span style=\"font-weight: 400;\">Publicidad<\/span><span style=\"font-weight: 400;\"><br \/><\/span><span style=\"font-weight: 400;\"><br \/><\/span><span style=\"font-weight: 400;\">Michael Freeston utilizar\u00e1 la Red Social para publicitar sus productos y servicios. En todo caso, si decide tratar sus datos de contacto para realizar acciones directas de prospecci\u00f3n comercial, ser\u00e1 siempre cumpliendo con las exigencias legales del RGPD y de la LSSICE.<\/span><\/p>\n<p><span style=\"font-weight: 400;\">No se considera publicidad el hecho de recomendar a otros Usuarios la p\u00e1gina Michael Freeston que tambi\u00e9n ellos puedan disfrutar de las promociones o estar informados de su actividad.<\/span><\/p>\n<p><span style=\"font-weight: 400;\">A continuaci\u00f3n, detallamos el enlace a la pol\u00edtica de privacidad de las diferentes Redes Sociales:<\/span><span style=\"font-weight: 400;\"><br \/><\/span><span style=\"font-weight: 400;\"><br \/><\/span><span style=\"font-weight: 400;\">Facebook:\u00a0<\/span><span style=\"font-weight: 400;\">https:\/\/www.facebook.com\/help\/323540651073243<\/span><span style=\"font-weight: 400;\"><br \/><\/span><span style=\"font-weight: 400;\">Twitter:\u00a0<\/span><span style=\"font-weight: 400;\">https:\/\/twitter.com\/privacy<\/span><span style=\"font-weight: 400;\"><br \/><\/span><span style=\"font-weight: 400;\">YouTube:\u00a0<\/span><a href=\"http:\/\/www.youtube.com\/yt\/policyandsafety\/es\/\" target=\"_blank\" rel=\"noopener\"><span style=\"font-weight: 400;\">http:\/\/www.youtube.com\/yt\/policyandsafety\/es\/<\/span><\/a><\/p>\n<p>\u00a0<\/p>\t\t\t\t\t\t\t\t<\/div>\n\t\t\t\t<\/div>\n\t\t\t\t\t<\/div>\n\t\t<\/div>\n\t\t\t\t\t<\/div>\n\t\t<\/section>\n\t\t\t\t<\/div>","protected":false},"excerpt":{"rendered":"<p>\u00a0 Pol\u00edtica Redes Sociales\u00a0\u00a0\u00a0\u00a0\u00a0\u00a0 En cumplimiento de la Ley Org\u00e1nica 3\/2018, LOPD-GDD de Protecci\u00f3n de Datos Personales y Garant\u00eda y Derechos Digitales, Reglamento Europeo 2016\/679, de protecci\u00f3n de datos de car\u00e1cter personal, RGPD y la Ley 34\/2002, de 11 julio, de Servicios de la Sociedad de la Informaci\u00f3n y de Comercio Electr\u00f3nico, LSSICE, Michael Freeston &hellip;<\/p>\n<p class=\"read-more\"> <a class=\"\" href=\"https:\/\/chiroclinic.es\/es\/politica-redes-sociales\/\"> <span class=\"screen-reader-text\">Politica Redes Sociales<\/span> Leer m\u00e1s &raquo;<\/a><\/p>","protected":false},"author":1,"featured_media":0,"parent":0,"menu_order":0,"comment_status":"closed","ping_status":"closed","template":"","meta":{"pmpro_default_level":"","_monsterinsights_skip_tracking":false,"_monsterinsights_sitenote_active":false,"_monsterinsights_sitenote_note":"","_monsterinsights_sitenote_category":0,"footnotes":""},"class_list":["post-1658","page","type-page","status-publish","hentry","pmpro-has-access"],"_links":{"self":[{"href":"https:\/\/chiroclinic.es\/es\/wp-json\/wp\/v2\/pages\/1658","targetHints":{"allow":["GET"]}}],"collection":[{"href":"https:\/\/chiroclinic.es\/es\/wp-json\/wp\/v2\/pages"}],"about":[{"href":"https:\/\/chiroclinic.es\/es\/wp-json\/wp\/v2\/types\/page"}],"author":[{"embeddable":true,"href":"https:\/\/chiroclinic.es\/es\/wp-json\/wp\/v2\/users\/1"}],"replies":[{"embeddable":true,"href":"https:\/\/chiroclinic.es\/es\/wp-json\/wp\/v2\/comments?post=1658"}],"version-history":[{"count":4,"href":"https:\/\/chiroclinic.es\/es\/wp-json\/wp\/v2\/pages\/1658\/revisions"}],"predecessor-version":[{"id":1678,"href":"https:\/\/chiroclinic.es\/es\/wp-json\/wp\/v2\/pages\/1658\/revisions\/1678"}],"wp:attachment":[{"href":"https:\/\/chiroclinic.es\/es\/wp-json\/wp\/v2\/media?parent=1658"}],"curies":[{"name":"wp","href":"https:\/\/api.w.org\/{rel}","templated":true}]}}