{"id":1662,"date":"2022-09-19T16:05:33","date_gmt":"2022-09-19T16:05:33","guid":{"rendered":"https:\/\/chiroclinic.es\/?page_id=1662"},"modified":"2022-09-19T16:32:30","modified_gmt":"2022-09-19T16:32:30","slug":"politica-cookies","status":"publish","type":"page","link":"https:\/\/chiroclinic.es\/es\/politica-cookies\/","title":{"rendered":"Politica Cookies"},"content":{"rendered":"<div data-elementor-type=\"wp-page\" data-elementor-id=\"1662\" class=\"elementor elementor-1662\">\n\t\t\t\t\t\t<section class=\"elementor-section elementor-top-section elementor-element elementor-element-155e57db elementor-section-boxed elementor-section-height-default elementor-section-height-default\" data-id=\"155e57db\" data-element_type=\"section\">\n\t\t\t\t\t\t<div class=\"elementor-container elementor-column-gap-default\">\n\t\t\t\t\t<div class=\"elementor-column elementor-col-100 elementor-top-column elementor-element elementor-element-5449d797\" data-id=\"5449d797\" data-element_type=\"column\">\n\t\t\t<div class=\"elementor-widget-wrap elementor-element-populated\">\n\t\t\t\t\t\t<div class=\"elementor-element elementor-element-5fbad850 elementor-widget elementor-widget-text-editor\" data-id=\"5fbad850\" data-element_type=\"widget\" data-widget_type=\"text-editor.default\">\n\t\t\t\t<div class=\"elementor-widget-container\">\n\t\t\t\t\t\t\t\t\t<p>\u00a0<\/p>\n<p><b>Pol\u00edtica de Cookies\u00a0<\/b><\/p>\n<p>\u00a0<\/p>\n<p><b>\u00bfQu\u00e9 son y para qu\u00e9 las utilizamos?<\/b><\/p>\n<p><span style=\"font-weight: 400;\">Este sitio web, al igual que la mayor\u00eda de sitios web en Internet, utiliza cookies para mejorar la experiencia del usuario. A continuaci\u00f3n, encontrar\u00e1 informaci\u00f3n sobre qu\u00e9 son las cookies, qu\u00e9 tipo de cookies utiliza este portal, como puede desactivar las cookies en su navegador y como desactivar espec\u00edficamente la instalaci\u00f3n de las cookies de terceros.<\/span><\/p>\n<p><b>\u00bfQu\u00e9 son las cookies?<\/b><\/p>\n<p><span style=\"font-weight: 400;\">Las cookies son peque\u00f1os archivos que algunas plataformas, como las p\u00e1ginas web, pueden instalar en su ordenador, tel\u00e9fono inteligente, tableta o televisi\u00f3n conectada. Sus funciones pueden ser muy variadas: almacenar sus preferencias de navegaci\u00f3n, recopilar informaci\u00f3n estad\u00edstica, permitir ciertas funcionalidades t\u00e9cnicas, etc\u00e9tera. A veces, las galletas se utilizan para almacenar informaci\u00f3n b\u00e1sica sobre los h\u00e1bitos de navegaci\u00f3n del usuario o de su equipo, hasta el punto, seg\u00fan los casos, de poder reconocerlo.<\/span><\/p>\n<p><b>\u00bfPor qu\u00e9 son importantes?<\/b><\/p>\n<p><span style=\"font-weight: 400;\">Las cookies son \u00fatiles para diversos motivos. Desde un punto de vista t\u00e9cnico, permiten que las p\u00e1ginas web funcionen de forma m\u00e1s \u00e1gil y adaptada a sus preferencias, tales como almacenar su idioma o la moneda de su pa\u00eds. Adem\u00e1s, ayudan a los responsables de los sitios web a mejorar los servicios que ofrecen, gracias a la informaci\u00f3n estad\u00edstica que recogen a trav\u00e9s de ellas.<\/span><\/p>\n<p><b>Tipolog\u00eda, Finalidad y Funcionamiento de los Cookies<\/b><\/p>\n<p><span style=\"font-weight: 400;\">Las cookies, en funci\u00f3n de su permanencia, pueden dividirse en cookies de sesi\u00f3n o permanentes. Las primeras expiran cuando el usuario cierra el navegador. Las segundas expiran en funci\u00f3n cuando se cumpla el objetivo para el que sirven (por ejemplo, para que el usuario se mantenga identificado en las p\u00e1ginas de www.chiroclinic.es) o bien cuando se borran manualmente.<\/span><\/p>\n<p><span style=\"font-weight: 400;\">Adicionalmente, en funci\u00f3n de su objetivo, las cookies puedes clasificarse de la siguiente manera:<\/span><\/p>\n<p><b>Cookies de Rendimiento:<\/b><span style=\"font-weight: 400;\"> Este tipo de cookie recuerda tus preferencias para las herramientas que se encuentran en las p\u00e1ginas, por lo que no hay que volver a configurar cada vez que la visitas. A modo de ejemplo, en esta tipolog\u00eda se incluyen:<\/span><\/p>\n<ul>\n<li style=\"font-weight: 400;\" aria-level=\"1\"><span style=\"font-weight: 400;\">Ajustes de volumen de reproductores de v\u00eddeo o sonido.<\/span><\/li>\n<li style=\"font-weight: 400;\" aria-level=\"1\"><span style=\"font-weight: 400;\">Las velocidades de transmisi\u00f3n de v\u00eddeo compatibles con su navegador.<\/span><\/li>\n<\/ul>\n<p><b>Cookies de Geolocalizaci\u00f3n<\/b><span style=\"font-weight: 400;\">: Estas cookies son utilizadas para averiguar en qu\u00e9 pa\u00eds te encuentras cuando se navega por la web. Esta cookie es totalmente an\u00f3nima, y s\u00f3lo se utiliza para ayudar a orientar el contenido a tu ubicaci\u00f3n.<\/span><\/p>\n<p><b>Cookies de Registro: <\/b><span style=\"font-weight: 400;\">Las cookies de registro se generan una vez que el usuario se ha registrado o posteriormente comenz\u00f3 la sesi\u00f3n, y se utilizan para identificarlo en las p\u00e1ginas con los siguientes objetivos:<\/span><\/p>\n<ul>\n<li style=\"font-weight: 400;\" aria-level=\"1\"><span style=\"font-weight: 400;\">Mantener el usuario identificado de manera que, si cierra una p\u00e1gina, el navegador o el ordenador y en otro momento u otro d\u00eda vuelve a entrar en esta p\u00e1gina, seguir\u00e1 identificado, facilitando as\u00ed su navegaci\u00f3n sin tener que volver a identificarse. Esta funcionalidad se puede suprimir si el usuario pulsa la funcionalidad &#8220;cerrar sesi\u00f3n&#8221;, por lo que esta cookie se elimina y la pr\u00f3xima vez que entre en la p\u00e1gina el usuario deber\u00e1 iniciar sesi\u00f3n para estar identificado.<\/span><\/li>\n<li style=\"font-weight: 400;\" aria-level=\"1\"><span style=\"font-weight: 400;\">Comprobar si el usuario est\u00e1 autorizado para acceder a ciertas p\u00e1ginas, por ejemplo, para participar en un concurso.<\/span><\/li>\n<li style=\"font-weight: 400;\" aria-level=\"1\"><span style=\"font-weight: 400;\">Adicionalmente, algunas p\u00e1ginas pueden utilizar conectores con redes sociales como Facebook, Instagram, Youtube o Twitter. Cuando el usuario se registra en una p\u00e1gina con credenciales de una red social, autoriza a la red social a guardar una cookie persistente que recuerda su identidad y le garantiza acceso a las p\u00e1ginas hasta que expira. El usuario puede borrar esta cookie y revocar el acceso a las p\u00e1ginas a trav\u00e9s de redes sociales actualizando sus preferencias en la red social que espec\u00edfica.<\/span><\/li>\n<\/ul>\n<p><b>Cookies de Anal\u00edticas: <\/b><span style=\"font-weight: 400;\">Cada vez que un usuario visita una p\u00e1gina, una herramienta de un proveedor externo (en nuestro caso Google Analytics) genera una cookie anal\u00edtica en el ordenador del usuario. Esta cookie que s\u00f3lo se genera en la visita, servir\u00e1 en futuras visitas a las p\u00e1ginas de www.chiroclinic.es para identificar de forma an\u00f3nima al visitante. Los objetivos principales que se persiguen son:<\/span><\/p>\n<ul>\n<li style=\"font-weight: 400;\" aria-level=\"1\"><span style=\"font-weight: 400;\">Permitir la identificaci\u00f3n an\u00f3nima de los usuarios navegantes a trav\u00e9s de la &#8220;cookie&#8221; (identifica navegadores y dispositivos, no personas) y por tanto la contabilizaci\u00f3n aproximada del n\u00famero de visitantes y su tendencia en el tiempo.<\/span><\/li>\n<li style=\"font-weight: 400;\" aria-level=\"1\"><span style=\"font-weight: 400;\">Identificar de forma an\u00f3nima los contenidos m\u00e1s visitados y por lo tanto m\u00e1s atractivos para los usuarios.<\/span><\/li>\n<li style=\"font-weight: 400;\" aria-level=\"1\"><span style=\"font-weight: 400;\">Saber si el usuario que est\u00e1 accediendo es nuevo o repite visita.<\/span><\/li>\n<\/ul>\n<p><b>Importante: <\/b><span style=\"font-weight: 400;\">A menos que el usuario decida registrarse en la web de www.chiroclinic.es, la &#8220;cookie&#8221; nunca ir\u00e1 asociada a ning\u00fan dato de car\u00e1cter personal que pueda identificarlo. Estas cookies s\u00f3lo ser\u00e1n utilizadas con prop\u00f3sitos estad\u00edsticos que ayuden a la optimizaci\u00f3n de la experiencia de los usuarios en el sitio.<\/span><\/p>\n<p><b>Otras cookies de terceros<\/b><\/p>\n<p><span style=\"font-weight: 400;\">En algunas de nuestras p\u00e1ginas se pueden instalar cookies de terceros que permitan gestionar y mejorar los servicios que \u00e9stos ofrecen. Un ejemplo de este uso son los enlaces a las redes sociales que permiten compartir nuestros contenidos.<\/span><\/p>\n<p><b>\u00bfC\u00f3mo puedo configurar mis preferencias?<\/b><\/p>\n<p><span style=\"font-weight: 400;\">Puede permitir, bloquear o eliminar las cookies instaladas en su equipo mediante la configuraci\u00f3n de las opciones de su navegador de internet. En el caso en que las bloquee, es posible que ciertos servicios que necesitan su uso no est\u00e9n disponibles para usted.\u00a0<\/span><\/p>\n<p><b>Utilizaci\u00f3n de Cookies<\/b><\/p>\n<p><span style=\"font-weight: 400;\">Las cookies son ficheros enviados a un navegador por medio de un servidor web para registrar las actividades del usuario en una web determinada. La primera finalidad de las cookies es la de facilitar al usuario un acceso m\u00e1s r\u00e1pido a las p\u00e1ginas seleccionadas.<\/span><\/p>\n<p><span style=\"font-weight: 400;\">La web www.chiroclinic.es utiliza cookies para personalizar y facilitar al m\u00e1ximo la navegaci\u00f3n del usuario. Las cookies se asocian \u00fanicamente a un usuario an\u00f3nimo y su ordenador y no proporcionan referencias que permitan deducir datos personales del usuario. El usuario podr\u00e1 configurar su navegador para que notifique y rechace la instalaci\u00f3n de las cookies enviadas por la web de www.chiroclinic.es, sin que ello perjudique la posibilidad del usuario de acceder a los contenidos. Sin embargo, te hacemos notar que, en todo caso, la calidad de funcionamiento de la p\u00e1gina web puede disminuir.<\/span><\/p>\n<p><span style=\"font-weight: 400;\">Asimismo, la web de www.chiroclinic.es podr\u00e1 saber todas las p\u00e1ginas visitas por los usuarios, por lo que podr\u00e1 facilitar u ofrecer informaci\u00f3n adecuada a los gustos y preferencias de cada usuario.<\/span><\/p>\n<p><b>Como desactivar las Cookies los principales navegadores<\/b><\/p>\n<p><span style=\"font-weight: 400;\">Normalmente es posible dejar de aceptar las cookies del navegador, o dejar de aceptar las cookies de una p\u00e1gina en particular.<\/span><\/p>\n<p><span style=\"font-weight: 400;\">Todos los navegadores modernos permiten cambiar la configuraci\u00f3n de cookies. Este ajuste normalmente se encuentra en las &#8220;Opciones&#8221; o &#8220;Preferencias&#8221; del men\u00fa de su navegador.<\/span><\/p>\n<p><span style=\"font-weight: 400;\">La web de www.chiroclinic.es ofrecen orientaci\u00f3n al usuario sobre los pasos para acceder al men\u00fa de configuraci\u00f3n de las cookies y, si procede, de la navegaci\u00f3n privada en cada uno de los navegadores principales:<\/span><\/p>\n<p><span style=\"font-weight: 400;\">Internet Explorer: Herramientas -&gt; Opciones de Internet -&gt; Privacidad -&gt; Configuraci\u00f3n.<\/span><\/p>\n<p><span style=\"font-weight: 400;\">\u00a0\u00a0Para m\u00e1s informaci\u00f3n, puede consultar el apoyo de Microsoft o la Ayuda del navegador.<\/span><\/p>\n<p><span style=\"font-weight: 400;\">Firefox: Herramientas -&gt; Opciones -&gt; Privacidad -&gt; Hist\u00f3rico -&gt; Configuraci\u00f3n\u00a0<\/span><\/p>\n<p><span style=\"font-weight: 400;\">\u00a0\u00a0Para m\u00e1s informaci\u00f3n, puede consultar el apoyo de Mozilla o la Ayuda del navegador.<\/span><\/p>\n<p><span style=\"font-weight: 400;\">Chrome: Configuraci\u00f3n -&gt; Opciones avanzadas -&gt; Privacidad -&gt; Configuraci\u00f3n de contenido.<\/span><\/p>\n<p><span style=\"font-weight: 400;\">\u00a0\u00a0Para m\u00e1s informaci\u00f3n, puede consultar el apoyo de Google o la Ayuda del navegador.<\/span><\/p>\n<p><span style=\"font-weight: 400;\">Safari: Preferencias -&gt; Seguridad.<\/span><\/p>\n<p><span style=\"font-weight: 400;\">\u00a0\u00a0Para m\u00e1s informaci\u00f3n, puede consultar el apoyo de Windows o la Ayuda del navegador<\/span><b>.<\/b><\/p>\n<p><b>Qu\u00e9 pasa si se desactivan las cookies<\/b><\/p>\n<p><span style=\"font-weight: 400;\">Algunas funcionalidades de las p\u00e1ginas quedar\u00e1n desactivadas como, por ejemplo, permanecer identificado, recibir informaci\u00f3n dirigida a su localizaci\u00f3n o la visualizaci\u00f3n de algunos v\u00eddeos.<\/span><\/p>\n<p><b>Actualizaci\u00f3n y cambios en la pol\u00edtica de Cookies<\/b><\/p>\n<p><span style=\"font-weight: 400;\">La web de www.chiroclinic.es puede modificar esta Pol\u00edtica de Cookies en funci\u00f3n de exigencias legislativas, reglamentarias, o con el fin de adaptar esta pol\u00edtica a las instrucciones dictadas por la Agencia Espa\u00f1ola de Protecci\u00f3n de Datos, por ello se aconseja a los usuarios que la visiten peri\u00f3dicamente.<\/span><\/p>\n<p><span style=\"font-weight: 400;\">Cuando se produzcan cambios significativos en esta Pol\u00edtica de Cookies, se comunicar\u00e1n a los usuarios mediante la web.<\/span><\/p>\n<p><span style=\"font-weight: 400;\">Respecto de las cookies de terceros, es decir aquellas que son ajenas a nuestro sitio web, no podemos hacernos responsables del contenido y veracidad de las pol\u00edticas de privacidad que ellos incluyen por lo que la informaci\u00f3n que le ofrecemos es siempre con referencia a la fuente.<\/span><\/p>\n<p>\u00a0<\/p>\t\t\t\t\t\t\t\t<\/div>\n\t\t\t\t<\/div>\n\t\t\t\t\t<\/div>\n\t\t<\/div>\n\t\t\t\t\t<\/div>\n\t\t<\/section>\n\t\t\t\t<\/div>","protected":false},"excerpt":{"rendered":"<p>\u00a0 Pol\u00edtica de Cookies\u00a0 \u00a0 \u00bfQu\u00e9 son y para qu\u00e9 las utilizamos? Este sitio web, al igual que la mayor\u00eda de sitios web en Internet, utiliza cookies para mejorar la experiencia del usuario. A continuaci\u00f3n, encontrar\u00e1 informaci\u00f3n sobre qu\u00e9 son las cookies, qu\u00e9 tipo de cookies utiliza este portal, como puede desactivar las cookies en &hellip;<\/p>\n<p class=\"read-more\"> <a class=\"\" href=\"https:\/\/chiroclinic.es\/es\/politica-cookies\/\"> <span class=\"screen-reader-text\">Politica Cookies<\/span> Leer m\u00e1s &raquo;<\/a><\/p>","protected":false},"author":1,"featured_media":0,"parent":0,"menu_order":0,"comment_status":"closed","ping_status":"closed","template":"","meta":{"pmpro_default_level":"","_monsterinsights_skip_tracking":false,"_monsterinsights_sitenote_active":false,"_monsterinsights_sitenote_note":"","_monsterinsights_sitenote_category":0,"footnotes":""},"class_list":["post-1662","page","type-page","status-publish","hentry","pmpro-has-access"],"_links":{"self":[{"href":"https:\/\/chiroclinic.es\/es\/wp-json\/wp\/v2\/pages\/1662","targetHints":{"allow":["GET"]}}],"collection":[{"href":"https:\/\/chiroclinic.es\/es\/wp-json\/wp\/v2\/pages"}],"about":[{"href":"https:\/\/chiroclinic.es\/es\/wp-json\/wp\/v2\/types\/page"}],"author":[{"embeddable":true,"href":"https:\/\/chiroclinic.es\/es\/wp-json\/wp\/v2\/users\/1"}],"replies":[{"embeddable":true,"href":"https:\/\/chiroclinic.es\/es\/wp-json\/wp\/v2\/comments?post=1662"}],"version-history":[{"count":4,"href":"https:\/\/chiroclinic.es\/es\/wp-json\/wp\/v2\/pages\/1662\/revisions"}],"predecessor-version":[{"id":1684,"href":"https:\/\/chiroclinic.es\/es\/wp-json\/wp\/v2\/pages\/1662\/revisions\/1684"}],"wp:attachment":[{"href":"https:\/\/chiroclinic.es\/es\/wp-json\/wp\/v2\/media?parent=1662"}],"curies":[{"name":"wp","href":"https:\/\/api.w.org\/{rel}","templated":true}]}}