{"id":1721,"date":"2022-10-20T17:13:25","date_gmt":"2022-10-20T17:13:25","guid":{"rendered":"https:\/\/chiroclinic.es\/?page_id=1721"},"modified":"2023-04-11T12:30:45","modified_gmt":"2023-04-11T12:30:45","slug":"condiciones","status":"publish","type":"page","link":"https:\/\/chiroclinic.es\/es\/condiciones\/","title":{"rendered":"Condiciones"},"content":{"rendered":"<div data-elementor-type=\"wp-page\" data-elementor-id=\"1721\" class=\"elementor elementor-1721\">\n\t\t\t\t\t\t<section class=\"elementor-section elementor-top-section elementor-element elementor-element-155e57db elementor-section-boxed elementor-section-height-default elementor-section-height-default\" data-id=\"155e57db\" data-element_type=\"section\">\n\t\t\t\t\t\t<div class=\"elementor-container elementor-column-gap-default\">\n\t\t\t\t\t<div class=\"elementor-column elementor-col-100 elementor-top-column elementor-element elementor-element-5449d797\" data-id=\"5449d797\" data-element_type=\"column\" data-settings=\"{&quot;background_background&quot;:&quot;classic&quot;}\">\n\t\t\t<div class=\"elementor-widget-wrap elementor-element-populated\">\n\t\t\t\t\t\t<div class=\"elementor-element elementor-element-5fbad850 elementor-widget elementor-widget-text-editor\" data-id=\"5fbad850\" data-element_type=\"widget\" data-widget_type=\"text-editor.default\">\n\t\t\t\t<div class=\"elementor-widget-container\">\n\t\t\t\t\t\t\t\t\t<p><\/p>\n<p>Por medio de la presente ambas partes \u2014el doctor de&nbsp; quiropr\u00e1ctica y el paciente \/ consumidor\u2014 se comprometen a seguir las siguientes cl\u00e1usulas:<\/p>\n<p><\/p>\n<ul>\n<li>La intervenci\u00f3n quiropr\u00e1ctica ha de ser un trabajo dual y cooperativo entre doctor y paciente. El paciente se compromete a seguir los consejos y recomendaciones del doctor \u2014 as\u00ed como tambi\u00e9n leer y visualizar los contenidos y materiales que el doctor le facilite y proporcione.<\/li>\n<\/ul>\n<div><br><\/div>\n<ul>\n<li>La temporalizaci\u00f3n de las citas est\u00e1 programada con meticulosidad. Se ruega que el paciente sea puntual en sus sesiones para sacar el mayor partido de las mismas. De lo contrario (con un margen m\u00e1ximo de 10 minutos), el tiempo estimado de la cita podr\u00eda verse afectado \u2014 pudiendo \u00e9sta, incluso, ser cancelada.<\/li>\n<\/ul>\n<div><br><\/div>\n<ul>\n<li>La cancelaci\u00f3n o cambio de la cita es posible. No obstante, estos deben ser efectuados con un m\u00ednimo de 24 horas de antelaci\u00f3n \u2014 pudiendo perder la cita en caso de lo contrario. Para ello, el paciente puede hacer uso de WhatsApp, SMS, correo electr\u00f3nico y\/o llamada telef\u00f3nica.<\/li>\n<\/ul>\n<div><br><\/div>\n<ul>\n<li>La devoluci\u00f3n econ\u00f3mica de las sesiones es, tambi\u00e9n, posible para aquellas sesiones que no hayan sido realizadas. Si el paciente adquiri\u00f3 un bono, las sesiones realizadas se contabilizar\u00e1n a precio de sesi\u00f3n individual (60\u20ac\/sesi\u00f3n de media hora, 100\u20ac\/sesi\u00f3n de 1 hora), y ser\u00e1n descontadas del dinero total que se pag\u00f3 por el bono. La devoluci\u00f3n del sobrante ser\u00e1 efectuada mediante el m\u00e9todo de pago que decide The Chiro Clinic. Adicionalmente, el tiempo que pasa los Doctores de Quiropr\u00e1ctica con preguntas y soluciones fuera de las sesiones f\u00edsicas (por ejemplo, interpretando la literatura cient\u00edfica de un asunto para el paciente, explicando estrategias para mejorar el estilo de vida del paciente, etc.) &#8211; siempre que hay comunicaciones en persona, o telecomunicaciones &#8211; se cobrar\u00e1n al precio de un ajuste de 30 mins, o sea 60\u20ac por media hora pasada con temas del paciente. NB, este tiempo pasado con pacientes que mantienen su bono, se considera incluido como servicio dentro del bono. Finalmente, por cada mes que pasa sin uso del bono, se reserva el derecho de quitar una sesi\u00f3n del bono. Es decir, si en 3 meses no viene a ajustarse, se puede descontar 3 sesiones del bono. Si ha intentado venir y no ha sido posible por Covid, o otro tema de salud tipo operaci\u00f3n o cirug\u00eda, no se descuenta la visita.<\/li>\n<\/ul>\n<div><br><\/div>\n<ul>\n<li>La duraci\u00f3n de las sesiones es de, aproximadamente, 30 o 60 min. \u2014 dependiendo de los requerimientos del paciente. Sin embargo, diferentes procedimientos y ajustes siguen distintos protocolos \u2014 teniendo algunos m\u00e1s pasos que otros y requiriendo algunos m\u00e1s tiempo que otros. El precio de la sesi\u00f3n hace referencia al ajuste proporcionado, bajo ning\u00fan concepto a la duraci\u00f3n de \u00e9ste. Sobre-ajustar puede resultar en una sobreestimulaci\u00f3n del sistema nervioso central \u2014 y esto es algo que debe ser evitado categ\u00f3ricamente.<\/li>\n<\/ul>\t\t\t\t\t\t\t\t<\/div>\n\t\t\t\t<\/div>\n\t\t\t\t\t<\/div>\n\t\t<\/div>\n\t\t\t\t\t<\/div>\n\t\t<\/section>\n\t\t\t\t<\/div>","protected":false},"excerpt":{"rendered":"<p>Por medio de la presente ambas partes \u2014el doctor de&nbsp; quiropr\u00e1ctica y el paciente \/ consumidor\u2014 se comprometen a seguir las siguientes cl\u00e1usulas: La intervenci\u00f3n quiropr\u00e1ctica ha de ser un trabajo dual y cooperativo entre doctor y paciente. El paciente se compromete a seguir los consejos y recomendaciones del doctor \u2014 as\u00ed como tambi\u00e9n leer &hellip;<\/p>\n<p class=\"read-more\"> <a class=\"\" href=\"https:\/\/chiroclinic.es\/es\/condiciones\/\"> <span class=\"screen-reader-text\">Condiciones<\/span> Leer m\u00e1s &raquo;<\/a><\/p>","protected":false},"author":1,"featured_media":0,"parent":0,"menu_order":0,"comment_status":"closed","ping_status":"closed","template":"","meta":{"pmpro_default_level":"","_monsterinsights_skip_tracking":false,"_monsterinsights_sitenote_active":false,"_monsterinsights_sitenote_note":"","_monsterinsights_sitenote_category":0,"footnotes":""},"class_list":["post-1721","page","type-page","status-publish","hentry","pmpro-has-access"],"_links":{"self":[{"href":"https:\/\/chiroclinic.es\/es\/wp-json\/wp\/v2\/pages\/1721","targetHints":{"allow":["GET"]}}],"collection":[{"href":"https:\/\/chiroclinic.es\/es\/wp-json\/wp\/v2\/pages"}],"about":[{"href":"https:\/\/chiroclinic.es\/es\/wp-json\/wp\/v2\/types\/page"}],"author":[{"embeddable":true,"href":"https:\/\/chiroclinic.es\/es\/wp-json\/wp\/v2\/users\/1"}],"replies":[{"embeddable":true,"href":"https:\/\/chiroclinic.es\/es\/wp-json\/wp\/v2\/comments?post=1721"}],"version-history":[{"count":22,"href":"https:\/\/chiroclinic.es\/es\/wp-json\/wp\/v2\/pages\/1721\/revisions"}],"predecessor-version":[{"id":1745,"href":"https:\/\/chiroclinic.es\/es\/wp-json\/wp\/v2\/pages\/1721\/revisions\/1745"}],"wp:attachment":[{"href":"https:\/\/chiroclinic.es\/es\/wp-json\/wp\/v2\/media?parent=1721"}],"curies":[{"name":"wp","href":"https:\/\/api.w.org\/{rel}","templated":true}]}}