{"id":1916,"date":"2026-03-27T13:36:41","date_gmt":"2026-03-27T13:36:41","guid":{"rendered":"https:\/\/chiroclinic.es\/?page_id=1916"},"modified":"2026-03-27T14:48:49","modified_gmt":"2026-03-27T14:48:49","slug":"rlten","status":"publish","type":"page","link":"https:\/\/chiroclinic.es\/es\/rlten\/","title":{"rendered":"Red Light Therapy"},"content":{"rendered":"<div data-elementor-type=\"wp-page\" data-elementor-id=\"1916\" class=\"elementor elementor-1916\">\n\t\t\t\t\t\t<section class=\"elementor-section elementor-top-section elementor-element elementor-element-a9b8b53 elementor-section-full_width elementor-section-height-min-height elementor-section-items-stretch elementor-section-content-middle elementor-reverse-mobile elementor-reverse-tablet elementor-section-height-default\" data-id=\"a9b8b53\" data-element_type=\"section\">\n\t\t\t\t\t\t<div class=\"elementor-container elementor-column-gap-no\">\n\t\t\t\t\t<div class=\"elementor-column elementor-col-50 elementor-top-column elementor-element elementor-element-632313b1\" data-id=\"632313b1\" data-element_type=\"column\" data-settings=\"{&quot;background_background&quot;:&quot;classic&quot;}\">\n\t\t\t<div class=\"elementor-widget-wrap elementor-element-populated\">\n\t\t\t\t\t\t<div class=\"elementor-element elementor-element-54f5ebfa animated-fast elementor-invisible elementor-widget elementor-widget-heading\" data-id=\"54f5ebfa\" data-element_type=\"widget\" data-settings=\"{&quot;_animation&quot;:&quot;fadeIn&quot;}\" data-widget_type=\"heading.default\">\n\t\t\t\t<div class=\"elementor-widget-container\">\n\t\t\t\t\t<h1 class=\"elementor-heading-title elementor-size-default\">Introducci\u00f3n a la Terapia de Luz Roja<\/h1>\t\t\t\t<\/div>\n\t\t\t\t<\/div>\n\t\t\t\t<div class=\"elementor-element elementor-element-584a0b7 elementor-invisible elementor-widget elementor-widget-text-editor\" data-id=\"584a0b7\" data-element_type=\"widget\" data-settings=\"{&quot;_animation&quot;:&quot;fadeIn&quot;}\" data-widget_type=\"text-editor.default\">\n\t\t\t\t<div class=\"elementor-widget-container\">\n\t\t\t\t\t\t\t\t\t<p dir=\"auto\" style=\"text-align: left;\">At The Chiro Clinic we are now offering professional <strong>Red Light Therapy (RLT)<\/strong>. This safe, non-invasive treatment uses specific wavelengths of red and near-infrared light to <strong>stimulate your body\u2019s own healing processes<\/strong> \u2013 no downtime, no pain, just real results. You can choose to have a Chiropractic adjustment + RLT, massage + RLT, or just RLT by itself.<\/p>\t\t\t\t\t\t\t\t<\/div>\n\t\t\t\t<\/div>\n\t\t\t\t<div class=\"elementor-element elementor-element-1c28643 elementor-invisible elementor-widget elementor-widget-button\" data-id=\"1c28643\" data-element_type=\"widget\" data-settings=\"{&quot;_animation&quot;:&quot;fadeIn&quot;,&quot;_animation_delay&quot;:&quot;200&quot;}\" data-widget_type=\"button.default\">\n\t\t\t\t<div class=\"elementor-widget-container\">\n\t\t\t\t\t\t\t\t\t<div class=\"elementor-button-wrapper\">\n\t\t\t\t\t<a class=\"elementor-button elementor-button-link elementor-size-sm\" href=\"https:\/\/booksy.com\/es-es\/instant-experiences\/widget\/58611\" target=\"_blank\" rel=\"noopener\">\n\t\t\t\t\t\t<span class=\"elementor-button-content-wrapper\">\n\t\t\t\t\t\t\t\t\t<span class=\"elementor-button-text\">Pedir una cita<\/span>\n\t\t\t\t\t<\/span>\n\t\t\t\t\t<\/a>\n\t\t\t\t<\/div>\n\t\t\t\t\t\t\t\t<\/div>\n\t\t\t\t<\/div>\n\t\t\t\t<div class=\"elementor-element elementor-element-1ac5866b elementor-view-stacked elementor-shape-square elementor-widget__width-auto elementor-absolute elementor-hidden-phone animated-slow elementor-widget-tablet__width-inherit elementor-widget-mobile__width-auto elementor-invisible elementor-widget elementor-widget-icon\" data-id=\"1ac5866b\" data-element_type=\"widget\" data-settings=\"{&quot;_position&quot;:&quot;absolute&quot;,&quot;_animation&quot;:&quot;fadeInDown&quot;,&quot;_animation_delay&quot;:&quot;500&quot;}\" data-widget_type=\"icon.default\">\n\t\t\t\t<div class=\"elementor-widget-container\">\n\t\t\t\t\t\t\t<div class=\"elementor-icon-wrapper\">\n\t\t\t<a class=\"elementor-icon\" href=\"#about\">\n\t\t\t\t\t\t<\/a>\n\t\t<\/div>\n\t\t\t\t\t\t<\/div>\n\t\t\t\t<\/div>\n\t\t\t\t\t<\/div>\n\t\t<\/div>\n\t\t\t\t<div class=\"elementor-column elementor-col-50 elementor-top-column elementor-element elementor-element-65e96f2d\" data-id=\"65e96f2d\" data-element_type=\"column\" data-settings=\"{&quot;background_background&quot;:&quot;classic&quot;}\">\n\t\t\t<div class=\"elementor-widget-wrap elementor-element-populated\">\n\t\t\t\t\t\t<div class=\"elementor-element elementor-element-67a54630 elementor-widget elementor-widget-spacer\" data-id=\"67a54630\" data-element_type=\"widget\" data-settings=\"{&quot;motion_fx_motion_fx_scrolling&quot;:&quot;yes&quot;,&quot;motion_fx_devices&quot;:[&quot;desktop&quot;,&quot;tablet&quot;,&quot;mobile&quot;]}\" data-widget_type=\"spacer.default\">\n\t\t\t\t<div class=\"elementor-widget-container\">\n\t\t\t\t\t\t\t<div class=\"elementor-spacer\">\n\t\t\t<div class=\"elementor-spacer-inner\"><\/div>\n\t\t<\/div>\n\t\t\t\t\t\t<\/div>\n\t\t\t\t<\/div>\n\t\t\t\t\t<\/div>\n\t\t<\/div>\n\t\t\t\t\t<\/div>\n\t\t<\/section>\n\t\t\t\t<section class=\"elementor-section elementor-top-section elementor-element elementor-element-3e62e1b3 elementor-section-full_width elementor-section-height-min-height elementor-section-items-stretch elementor-section-content-middle elementor-section-height-default\" data-id=\"3e62e1b3\" data-element_type=\"section\" id=\"about\">\n\t\t\t\t\t\t<div class=\"elementor-container elementor-column-gap-no\">\n\t\t\t\t\t<div class=\"elementor-column elementor-col-50 elementor-top-column elementor-element elementor-element-5516675d\" data-id=\"5516675d\" data-element_type=\"column\" data-settings=\"{&quot;background_background&quot;:&quot;classic&quot;}\">\n\t\t\t<div class=\"elementor-widget-wrap elementor-element-populated\">\n\t\t\t\t\t\t<div class=\"elementor-element elementor-element-23d68df6 elementor-widget elementor-widget-spacer\" data-id=\"23d68df6\" data-element_type=\"widget\" data-widget_type=\"spacer.default\">\n\t\t\t\t<div class=\"elementor-widget-container\">\n\t\t\t\t\t\t\t<div class=\"elementor-spacer\">\n\t\t\t<div class=\"elementor-spacer-inner\"><\/div>\n\t\t<\/div>\n\t\t\t\t\t\t<\/div>\n\t\t\t\t<\/div>\n\t\t\t\t\t<\/div>\n\t\t<\/div>\n\t\t\t\t<div class=\"elementor-column elementor-col-50 elementor-top-column elementor-element elementor-element-4581df04\" data-id=\"4581df04\" data-element_type=\"column\" data-settings=\"{&quot;background_background&quot;:&quot;classic&quot;}\">\n\t\t\t<div class=\"elementor-widget-wrap elementor-element-populated\">\n\t\t\t\t\t\t<div class=\"elementor-element elementor-element-1da1ec3d elementor-invisible elementor-widget elementor-widget-heading\" data-id=\"1da1ec3d\" data-element_type=\"widget\" data-settings=\"{&quot;_animation&quot;:&quot;fadeInUp&quot;,&quot;_animation_mobile&quot;:&quot;none&quot;}\" data-widget_type=\"heading.default\">\n\t\t\t\t<div class=\"elementor-widget-container\">\n\t\t\t\t\t<h2 class=\"elementor-heading-title elementor-size-default\">Beneficios de la Terapia de Luz Roja<\/h2>\t\t\t\t<\/div>\n\t\t\t\t<\/div>\n\t\t\t\t<div class=\"elementor-element elementor-element-5f802314 elementor-invisible elementor-widget elementor-widget-text-editor\" data-id=\"5f802314\" data-element_type=\"widget\" data-settings=\"{&quot;_animation&quot;:&quot;fadeIn&quot;}\" data-widget_type=\"text-editor.default\">\n\t\t\t\t<div class=\"elementor-widget-container\">\n\t\t\t\t\t\t\t\t\t<ul><li><strong><strong>Rejuvenecimiento cut\u00e1neo y anti-envejecimiento<\/strong><\/strong>: Reduce notablemente arrugas, l\u00edneas finas, enrojecimiento y manchas oscuras, aumentando la producci\u00f3n de col\u00e1geno.<\/li><\/ul><p>\u00a0<\/p><ul><li><strong><strong>Alivio de dolor e de inflamaci\u00f3n<\/strong><\/strong>: Ideal para dolor cr\u00f3nico, rigidez articular y recuperaci\u00f3n muscular.<\/li><\/ul><p>\u00a0<\/p><ul><li><strong><strong>Recuperaci\u00f3n y cicatrizaci\u00f3n m\u00e1s r\u00e1pida<\/strong><\/strong>: Acelera la reparaci\u00f3n de tejidos y reduce la fatiga muscular.<\/li><\/ul><p>\u00a0<\/p><ul><li><strong><strong>Bienestar general<\/strong><\/strong>: Mejora la calidad del sue\u00f1o, reduce la inflamaci\u00f3n celular y aumenta la energ\u00eda<\/li><\/ul>\t\t\t\t\t\t\t\t<\/div>\n\t\t\t\t<\/div>\n\t\t\t\t<div class=\"elementor-element elementor-element-57104ff elementor-invisible elementor-widget elementor-widget-button\" data-id=\"57104ff\" data-element_type=\"widget\" data-settings=\"{&quot;_animation&quot;:&quot;fadeIn&quot;,&quot;_animation_delay&quot;:&quot;200&quot;}\" data-widget_type=\"button.default\">\n\t\t\t\t<div class=\"elementor-widget-container\">\n\t\t\t\t\t\t\t\t\t<div class=\"elementor-button-wrapper\">\n\t\t\t\t\t<a class=\"elementor-button elementor-button-link elementor-size-sm\" href=\"https:\/\/booksy.com\/es-es\/instant-experiences\/widget\/58611\" target=\"_blank\" rel=\"noopener\">\n\t\t\t\t\t\t<span class=\"elementor-button-content-wrapper\">\n\t\t\t\t\t\t\t\t\t<span class=\"elementor-button-text\">Pedir una cita<\/span>\n\t\t\t\t\t<\/span>\n\t\t\t\t\t<\/a>\n\t\t\t\t<\/div>\n\t\t\t\t\t\t\t\t<\/div>\n\t\t\t\t<\/div>\n\t\t\t\t\t<\/div>\n\t\t<\/div>\n\t\t\t\t\t<\/div>\n\t\t<\/section>\n\t\t\t\t<section class=\"elementor-section elementor-top-section elementor-element elementor-element-627f2e87 elementor-section-full_width elementor-section-height-min-height elementor-section-items-stretch elementor-section-content-middle elementor-reverse-mobile elementor-reverse-tablet elementor-section-height-default\" data-id=\"627f2e87\" data-element_type=\"section\">\n\t\t\t\t\t\t<div class=\"elementor-container elementor-column-gap-no\">\n\t\t\t\t\t<div class=\"elementor-column elementor-col-50 elementor-top-column elementor-element elementor-element-4b58b075\" data-id=\"4b58b075\" data-element_type=\"column\" data-settings=\"{&quot;background_background&quot;:&quot;classic&quot;}\">\n\t\t\t<div class=\"elementor-widget-wrap elementor-element-populated\">\n\t\t\t\t\t\t<div class=\"elementor-element elementor-element-6df7dbce animated-fast elementor-invisible elementor-widget elementor-widget-heading\" data-id=\"6df7dbce\" data-element_type=\"widget\" data-settings=\"{&quot;_animation&quot;:&quot;fadeIn&quot;}\" data-widget_type=\"heading.default\">\n\t\t\t\t<div class=\"elementor-widget-container\">\n\t\t\t\t\t<h1 class=\"elementor-heading-title elementor-size-default\">\u00bfComo Funciona?<\/h1>\t\t\t\t<\/div>\n\t\t\t\t<\/div>\n\t\t\t\t<div class=\"elementor-element elementor-element-6d10750 elementor-invisible elementor-widget elementor-widget-text-editor\" data-id=\"6d10750\" data-element_type=\"widget\" data-settings=\"{&quot;_animation&quot;:&quot;fadeIn&quot;}\" data-widget_type=\"text-editor.default\">\n\t\t\t\t<div class=\"elementor-widget-container\">\n\t\t\t\t\t\t\t\t\t<ul><li dir=\"auto\" class=\"translation-block\">Simplemente <strong> te tumbas en la camilla <\/strong> con gafas de protecci\u00f3n si sea necesario.<\/li><li dir=\"auto\">El panel emite una luz roja e infrarroja precisa <strong>.<\/strong>.<\/li><li dir=\"auto\">Se siente c\u00e1lido, suave, y <strong><strong> muy relajante. <\/strong><\/strong>.<\/li><li dir=\"auto\">La luz penetra la piel y <strong><strong>llega hasta a las mitocondrias<\/strong><\/strong> (las \u201ccentrales energ\u00e9ticas\u201d de tus c\u00e9lulas).<\/li><li dir=\"auto\">Esto <strong><strong>aumenta la producci\u00f3n de energ\u00eda (ATP)<\/strong><\/strong> mejora el flujo sangu\u00edneo, <strong><strong>reduce la inflamaci\u00f3n y activa los procesos naturales de reparaci\u00f3n.<\/strong><\/strong> and triggers natural repair processes.<\/li><li dir=\"auto\">Un lado necesita aprox 8 minutos (ajustado por la distancia entre tu cuerpo y la placa); dos lados necesitan alrededor de 20 mins con los cambios de posici\u00f3n etc.<\/li><li dir=\"auto\">Nuestros Doctores de Quiropr\u00e1ctica asegura que este tratamiento sea <strong>seguro<\/strong> para ti.<\/li><\/ul>\t\t\t\t\t\t\t\t<\/div>\n\t\t\t\t<\/div>\n\t\t\t\t<div class=\"elementor-element elementor-element-37f486f9 elementor-invisible elementor-widget elementor-widget-button\" data-id=\"37f486f9\" data-element_type=\"widget\" data-settings=\"{&quot;_animation&quot;:&quot;fadeIn&quot;,&quot;_animation_delay&quot;:&quot;200&quot;}\" data-widget_type=\"button.default\">\n\t\t\t\t<div class=\"elementor-widget-container\">\n\t\t\t\t\t\t\t\t\t<div class=\"elementor-button-wrapper\">\n\t\t\t\t\t<a class=\"elementor-button elementor-button-link elementor-size-sm\" href=\"https:\/\/booksy.com\/es-es\/instant-experiences\/widget\/58611\" target=\"_blank\" rel=\"noopener\">\n\t\t\t\t\t\t<span class=\"elementor-button-content-wrapper\">\n\t\t\t\t\t\t\t\t\t<span class=\"elementor-button-text\">Pedir una cita<\/span>\n\t\t\t\t\t<\/span>\n\t\t\t\t\t<\/a>\n\t\t\t\t<\/div>\n\t\t\t\t\t\t\t\t<\/div>\n\t\t\t\t<\/div>\n\t\t\t\t<div class=\"elementor-element elementor-element-2e712278 elementor-view-stacked elementor-shape-square elementor-widget__width-auto elementor-absolute elementor-hidden-phone animated-slow elementor-widget-tablet__width-inherit elementor-widget-mobile__width-auto elementor-invisible elementor-widget elementor-widget-icon\" data-id=\"2e712278\" data-element_type=\"widget\" data-settings=\"{&quot;_position&quot;:&quot;absolute&quot;,&quot;_animation&quot;:&quot;fadeInDown&quot;,&quot;_animation_delay&quot;:&quot;500&quot;}\" data-widget_type=\"icon.default\">\n\t\t\t\t<div class=\"elementor-widget-container\">\n\t\t\t\t\t\t\t<div class=\"elementor-icon-wrapper\">\n\t\t\t<a class=\"elementor-icon\" href=\"#about\">\n\t\t\t\t\t\t<\/a>\n\t\t<\/div>\n\t\t\t\t\t\t<\/div>\n\t\t\t\t<\/div>\n\t\t\t\t\t<\/div>\n\t\t<\/div>\n\t\t\t\t<div class=\"elementor-column elementor-col-50 elementor-top-column elementor-element elementor-element-6bd13494\" data-id=\"6bd13494\" data-element_type=\"column\" data-settings=\"{&quot;background_background&quot;:&quot;classic&quot;,&quot;background_motion_fx_motion_fx_scrolling&quot;:&quot;yes&quot;,&quot;background_motion_fx_devices&quot;:[&quot;desktop&quot;,&quot;tablet&quot;,&quot;mobile&quot;]}\">\n\t\t\t<div class=\"elementor-widget-wrap elementor-element-populated\">\n\t\t\t\t\t\t<div class=\"elementor-element elementor-element-5e521f53 elementor-widget elementor-widget-spacer\" data-id=\"5e521f53\" data-element_type=\"widget\" data-widget_type=\"spacer.default\">\n\t\t\t\t<div class=\"elementor-widget-container\">\n\t\t\t\t\t\t\t<div class=\"elementor-spacer\">\n\t\t\t<div class=\"elementor-spacer-inner\"><\/div>\n\t\t<\/div>\n\t\t\t\t\t\t<\/div>\n\t\t\t\t<\/div>\n\t\t\t\t\t<\/div>\n\t\t<\/div>\n\t\t\t\t\t<\/div>\n\t\t<\/section>\n\t\t\t\t<\/div>","protected":false},"excerpt":{"rendered":"<p>What is Red Light Therapy? At The Chiro Clinic we are now offering professional Red Light Therapy (RLT). This safe, non-invasive treatment uses specific wavelengths of red and near-infrared light to stimulate your body\u2019s own healing processes \u2013 no downtime, no pain, just real results. You can choose to have a Chiropractic adjustment + RLT, &hellip;<\/p>\n<p class=\"read-more\"> <a class=\"\" href=\"https:\/\/chiroclinic.es\/es\/rlten\/\"> <span class=\"screen-reader-text\">Red Light Therapy<\/span> Leer m\u00e1s &raquo;<\/a><\/p>","protected":false},"author":1,"featured_media":0,"parent":0,"menu_order":0,"comment_status":"closed","ping_status":"closed","template":"","meta":{"pmpro_default_level":"","_monsterinsights_skip_tracking":false,"_monsterinsights_sitenote_active":false,"_monsterinsights_sitenote_note":"","_monsterinsights_sitenote_category":0,"footnotes":""},"class_list":["post-1916","page","type-page","status-publish","hentry","pmpro-has-access"],"_links":{"self":[{"href":"https:\/\/chiroclinic.es\/es\/wp-json\/wp\/v2\/pages\/1916","targetHints":{"allow":["GET"]}}],"collection":[{"href":"https:\/\/chiroclinic.es\/es\/wp-json\/wp\/v2\/pages"}],"about":[{"href":"https:\/\/chiroclinic.es\/es\/wp-json\/wp\/v2\/types\/page"}],"author":[{"embeddable":true,"href":"https:\/\/chiroclinic.es\/es\/wp-json\/wp\/v2\/users\/1"}],"replies":[{"embeddable":true,"href":"https:\/\/chiroclinic.es\/es\/wp-json\/wp\/v2\/comments?post=1916"}],"version-history":[{"count":13,"href":"https:\/\/chiroclinic.es\/es\/wp-json\/wp\/v2\/pages\/1916\/revisions"}],"predecessor-version":[{"id":1938,"href":"https:\/\/chiroclinic.es\/es\/wp-json\/wp\/v2\/pages\/1916\/revisions\/1938"}],"wp:attachment":[{"href":"https:\/\/chiroclinic.es\/es\/wp-json\/wp\/v2\/media?parent=1916"}],"curies":[{"name":"wp","href":"https:\/\/api.w.org\/{rel}","templated":true}]}}